{"id":357,"date":"2020-11-27T09:54:10","date_gmt":"2020-11-27T09:54:10","guid":{"rendered":"https:\/\/nauthemes.com\/wp\/kriate\/?page_id=357"},"modified":"2024-08-15T10:12:38","modified_gmt":"2024-08-15T10:12:38","slug":"grupo-edgar-fran-engenharia-construcao-civil","status":"publish","type":"page","link":"https:\/\/grupotorrescenter.ao\/index.php\/grupo-edgar-fran-engenharia-construcao-civil\/","title":{"rendered":"GRUPO EDGAR FRAN-Engenharia &#038; Constru\u00e7\u00e3o Civil"},"content":{"rendered":"\t\t<div data-elementor-type=\"wp-page\" data-elementor-id=\"357\" class=\"elementor elementor-357\">\n\t\t\t\t\t\t<section class=\"elementor-section elementor-top-section elementor-element elementor-element-4891bf8b elementor-section-full_width elementor-section-height-min-height elementor-section-stretched elementor-section-height-default elementor-section-items-middle\" data-id=\"4891bf8b\" data-element_type=\"section\" data-settings=\"{&quot;background_background&quot;:&quot;classic&quot;,&quot;stretch_section&quot;:&quot;section-stretched&quot;}\">\n\t\t\t\t\t\t\t<div class=\"elementor-background-overlay\"><\/div>\n\t\t\t\t\t\t\t<div class=\"elementor-container elementor-column-gap-default\">\n\t\t\t\t\t<div class=\"elementor-column elementor-col-100 elementor-top-column elementor-element elementor-element-4437db11\" data-id=\"4437db11\" data-element_type=\"column\">\n\t\t\t<div class=\"elementor-widget-wrap elementor-element-populated\">\n\t\t\t\t\t\t<div class=\"elementor-element elementor-element-26d5595f elementor-widget elementor-widget-heading\" data-id=\"26d5595f\" data-element_type=\"widget\" data-settings=\"{&quot;ekit_we_effect_on&quot;:&quot;none&quot;}\" data-widget_type=\"heading.default\">\n\t\t\t\t<div class=\"elementor-widget-container\">\n\t\t\t\t\t<h2 class=\"elementor-heading-title elementor-size-default\">TORRES CENTER - Engenharia &amp; Constru\u00e7\u00e3o Civil <\/h2>\t\t\t\t<\/div>\n\t\t\t\t<\/div>\n\t\t\t\t\t<\/div>\n\t\t<\/div>\n\t\t\t\t\t<\/div>\n\t\t<\/section>\n\t\t\t\t<section class=\"elementor-section elementor-top-section elementor-element elementor-element-742430b elementor-section-boxed elementor-section-height-default elementor-section-height-default\" data-id=\"742430b\" data-element_type=\"section\">\n\t\t\t\t\t\t<div class=\"elementor-container elementor-column-gap-default\">\n\t\t\t\t\t<div class=\"elementor-column elementor-col-33 elementor-top-column elementor-element elementor-element-339ff19\" data-id=\"339ff19\" data-element_type=\"column\">\n\t\t\t<div class=\"elementor-widget-wrap\">\n\t\t\t\t\t\t\t<\/div>\n\t\t<\/div>\n\t\t\t\t<div class=\"elementor-column elementor-col-33 elementor-top-column elementor-element elementor-element-32c52e2\" data-id=\"32c52e2\" data-element_type=\"column\">\n\t\t\t<div class=\"elementor-widget-wrap elementor-element-populated\">\n\t\t\t\t\t\t<div class=\"elementor-element elementor-element-bd51d4f elementor-widget elementor-widget-image\" data-id=\"bd51d4f\" data-element_type=\"widget\" data-settings=\"{&quot;ekit_we_effect_on&quot;:&quot;none&quot;}\" data-widget_type=\"image.default\">\n\t\t\t\t<div class=\"elementor-widget-container\">\n\t\t\t\t\t\t\t\t\t\t\t\t\t\t\t<img fetchpriority=\"high\" decoding=\"async\" width=\"1024\" height=\"464\" src=\"https:\/\/grupotorrescenter.ao\/wp-content\/uploads\/2024\/08\/wadaed-1-1024x464.jpg\" class=\"attachment-large size-large wp-image-2059\" alt=\"\" srcset=\"https:\/\/grupotorrescenter.ao\/wp-content\/uploads\/2024\/08\/wadaed-1-1024x464.jpg 1024w, https:\/\/grupotorrescenter.ao\/wp-content\/uploads\/2024\/08\/wadaed-1-300x136.jpg 300w, https:\/\/grupotorrescenter.ao\/wp-content\/uploads\/2024\/08\/wadaed-1-768x348.jpg 768w, https:\/\/grupotorrescenter.ao\/wp-content\/uploads\/2024\/08\/wadaed-1.jpg 1056w\" sizes=\"(max-width: 1024px) 100vw, 1024px\" \/>\t\t\t\t\t\t\t\t\t\t\t\t\t\t\t<\/div>\n\t\t\t\t<\/div>\n\t\t\t\t\t<\/div>\n\t\t<\/div>\n\t\t\t\t<div class=\"elementor-column elementor-col-33 elementor-top-column elementor-element elementor-element-9ca92d1\" data-id=\"9ca92d1\" data-element_type=\"column\">\n\t\t\t<div class=\"elementor-widget-wrap\">\n\t\t\t\t\t\t\t<\/div>\n\t\t<\/div>\n\t\t\t\t\t<\/div>\n\t\t<\/section>\n\t\t\t\t<section class=\"elementor-section elementor-top-section elementor-element elementor-element-8da7d97 elementor-section-boxed elementor-section-height-default elementor-section-height-default\" data-id=\"8da7d97\" data-element_type=\"section\">\n\t\t\t\t\t\t<div class=\"elementor-container elementor-column-gap-default\">\n\t\t\t\t\t<div class=\"elementor-column elementor-col-100 elementor-top-column elementor-element elementor-element-8f94f15\" data-id=\"8f94f15\" data-element_type=\"column\">\n\t\t\t<div class=\"elementor-widget-wrap elementor-element-populated\">\n\t\t\t\t\t\t<div class=\"elementor-element elementor-element-05c2676 elementor-widget elementor-widget-text-editor\" data-id=\"05c2676\" data-element_type=\"widget\" data-settings=\"{&quot;ekit_we_effect_on&quot;:&quot;none&quot;}\" data-widget_type=\"text-editor.default\">\n\t\t\t\t<div class=\"elementor-widget-container\">\n\t\t\t\t\t\t\t\t\t<p><span style=\"color: #000000;\"><strong>Torres Center -Engenharia &amp; Constru\u00e7\u00e3o Civil e Fornecimento de Material Hospitalar: <\/strong><\/span>Com a sua sede situada na Cidade de Luanda, Munic\u00edpio de Viana Bairro 4\u00ba de Abril Casa N\u00ba 29, com o n\u00ba de contribuinte <strong>n\u00ba<\/strong>5417303828<strong>, <\/strong>\u00e9 uma Empresa, criada para dar cobertura ao Mercado Nacional na \u00e1rea de Engenharia &amp; Constru\u00e7\u00e3o Civil e Fornecimento de Material Hospitalar focalizada para trabalhar com grandes empresas estatais e privadas, o nosso foco s\u00e3o as Empresas.<\/p><p>\u00a0<strong>Somos<\/strong> uma empresa especializada no ramo da <strong>Engenharia &amp; Constru\u00e7\u00e3o Civil<\/strong> e <strong>Fornecimento de Material Hospitalar<\/strong>, realizamos diversas obras desde funda\u00e7\u00f5es, reformas, estruturas, acabamentos, projecto contemplado e todas as etapas da sua obra.<\/p><p>Temos com profissionais capacitado e especializado em cada seguimento atuante e actualizado com foco e anteced\u00eancia de mercado.<\/p><p>Oferecemos uma gama de op\u00e7\u00f5es, sempre aprimorando para melhor atender suas necessidades e expectativas.<\/p><ul><li><strong><span style=\"color: #000000;\">Nossos Valores:<\/span><\/strong><\/li><li><strong><span style=\"color: #000000;\">Miss\u00e3o: <\/span><\/strong><\/li><li><strong><span style=\"color: #000000;\">Vis\u00e3o:<\/span><\/strong><\/li><li><strong><span style=\"color: #000000;\">Foco: <\/span><\/strong><\/li><li><strong><span style=\"color: #000000;\">Aten\u00e7\u00e3o:<\/span><\/strong><\/li><\/ul><p>Visa na satisfa\u00e7\u00e3o dos clientes parceiros e colaboradores atrav\u00e9s de melhoria cont\u00ednua, relacionamento pr\u00f3ximo, confian\u00e7a e transparecia mutua.<\/p>\t\t\t\t\t\t\t\t<\/div>\n\t\t\t\t<\/div>\n\t\t\t\t<div class=\"elementor-element elementor-element-36de03c elementor-widget elementor-widget-heading\" data-id=\"36de03c\" data-element_type=\"widget\" data-settings=\"{&quot;ekit_we_effect_on&quot;:&quot;none&quot;}\" data-widget_type=\"heading.default\">\n\t\t\t\t<div class=\"elementor-widget-container\">\n\t\t\t\t\t<h2 class=\"elementor-heading-title elementor-size-default\">Especialidades:<\/h2>\t\t\t\t<\/div>\n\t\t\t\t<\/div>\n\t\t\t\t\t<\/div>\n\t\t<\/div>\n\t\t\t\t\t<\/div>\n\t\t<\/section>\n\t\t\t\t<section class=\"elementor-section elementor-top-section elementor-element elementor-element-97a83e9 elementor-section-boxed elementor-section-height-default elementor-section-height-default\" data-id=\"97a83e9\" data-element_type=\"section\">\n\t\t\t\t\t\t<div class=\"elementor-container elementor-column-gap-default\">\n\t\t\t\t\t<div class=\"elementor-column elementor-col-25 elementor-top-column elementor-element elementor-element-7d5b927\" data-id=\"7d5b927\" data-element_type=\"column\">\n\t\t\t<div class=\"elementor-widget-wrap elementor-element-populated\">\n\t\t\t\t\t\t<div class=\"elementor-element elementor-element-ae1d197 elementor-widget elementor-widget-heading\" data-id=\"ae1d197\" data-element_type=\"widget\" data-settings=\"{&quot;ekit_we_effect_on&quot;:&quot;none&quot;}\" data-widget_type=\"heading.default\">\n\t\t\t\t<div class=\"elementor-widget-container\">\n\t\t\t\t\t<h2 class=\"elementor-heading-title elementor-size-default\">Alvenaria comum:<\/h2>\t\t\t\t<\/div>\n\t\t\t\t<\/div>\n\t\t\t\t<div class=\"elementor-element elementor-element-3ed71dd elementor-widget elementor-widget-text-editor\" data-id=\"3ed71dd\" data-element_type=\"widget\" data-settings=\"{&quot;ekit_we_effect_on&quot;:&quot;none&quot;}\" data-widget_type=\"text-editor.default\">\n\t\t\t\t<div class=\"elementor-widget-container\">\n\t\t\t\t\t\t\t\t\t<p>Bloco estrutural\u00a0 box e\u00a0 vidra\u00e7aria: Vidros e\u00a0 similares com v\u00e1rios modelo de \u00e2ngulo, carpintaria comum e de forma.<\/p><ul><li><strong><span style=\"color: #000000;\">Cisterna e reservat\u00f3rio e outros clorobaia<\/span><\/strong><\/li><li><strong><span style=\"color: #000000;\">(Policarbonato e \/ou vidro aramodo)<\/span><\/strong><\/li><li><strong><span style=\"color: #000000;\">Concertina (prote\u00e7\u00e3o perimetral).<\/span><\/strong><\/li><li><strong><span style=\"color: #000000;\">Concretagem e polimento.<\/span><\/strong><\/li><\/ul>\t\t\t\t\t\t\t\t<\/div>\n\t\t\t\t<\/div>\n\t\t\t\t\t<\/div>\n\t\t<\/div>\n\t\t\t\t<div class=\"elementor-column elementor-col-25 elementor-top-column elementor-element elementor-element-8bc7573\" data-id=\"8bc7573\" data-element_type=\"column\">\n\t\t\t<div class=\"elementor-widget-wrap elementor-element-populated\">\n\t\t\t\t\t\t<div class=\"elementor-element elementor-element-f63bacc elementor-widget elementor-widget-heading\" data-id=\"f63bacc\" data-element_type=\"widget\" data-settings=\"{&quot;ekit_we_effect_on&quot;:&quot;none&quot;}\" data-widget_type=\"heading.default\">\n\t\t\t\t<div class=\"elementor-widget-container\">\n\t\t\t\t\t<h2 class=\"elementor-heading-title elementor-size-default\">Constru\u00e7\u00e3o Civil:<\/h2>\t\t\t\t<\/div>\n\t\t\t\t<\/div>\n\t\t\t\t<div class=\"elementor-element elementor-element-ce065a5 elementor-widget elementor-widget-text-editor\" data-id=\"ce065a5\" data-element_type=\"widget\" data-settings=\"{&quot;ekit_we_effect_on&quot;:&quot;none&quot;}\" data-widget_type=\"text-editor.default\">\n\t\t\t\t<div class=\"elementor-widget-container\">\n\t\t\t\t\t\t\t\t\t<ul><li>Servi\u00e7o geral<\/li><li>Divers\u00f3ria (diversos materiais)<\/li><li>Electrico<\/li><li>Estrutura, madeira e estrutura met\u00e1lica.<\/li><\/ul><p><strong>Estrutura outros: Fechamento de varanda, ferragem (corte dobra e Arma\u00e7\u00e3o)<\/strong><\/p><ul><li><span style=\"color: #000000;\"><strong>Funda\u00e7\u00e3o<\/strong><\/span><\/li><li><span style=\"color: #000000;\"><strong>G\u00e1s canalizado:<\/strong><\/span><\/li><li><span style=\"color: #000000;\"><strong>Nova tubula\u00e7\u00e3o e adequa\u00e7\u00e3o de ambiente.<\/strong><\/span><\/li><li><span style=\"color: #000000;\"><strong>Gesso:<\/strong><\/span><\/li><\/ul><p>Comum e acartonado (constru\u00e7\u00e3o a seco em tetos e divers\u00f3rias) Guarda corpo, hidr\u00e1ulico, esgoto e \u00e1gua pluviais.<\/p><p>Impermeabiliza\u00e7\u00e3o: Quente e frio insulfilvel (pel\u00edcula odeviso de prote\u00e7\u00e3o solar de ambiente)<\/p>\t\t\t\t\t\t\t\t<\/div>\n\t\t\t\t<\/div>\n\t\t\t\t\t<\/div>\n\t\t<\/div>\n\t\t\t\t<div class=\"elementor-column elementor-col-25 elementor-top-column elementor-element elementor-element-026cda9\" data-id=\"026cda9\" data-element_type=\"column\">\n\t\t\t<div class=\"elementor-widget-wrap elementor-element-populated\">\n\t\t\t\t\t\t<div class=\"elementor-element elementor-element-13bc929 elementor-widget elementor-widget-heading\" data-id=\"13bc929\" data-element_type=\"widget\" data-settings=\"{&quot;ekit_we_effect_on&quot;:&quot;none&quot;}\" data-widget_type=\"heading.default\">\n\t\t\t\t<div class=\"elementor-widget-container\">\n\t\t\t\t\t<h2 class=\"elementor-heading-title elementor-size-default\">Marcenaria:<\/h2>\t\t\t\t<\/div>\n\t\t\t\t<\/div>\n\t\t\t\t<div class=\"elementor-element elementor-element-c568845 elementor-widget elementor-widget-text-editor\" data-id=\"c568845\" data-element_type=\"widget\" data-settings=\"{&quot;ekit_we_effect_on&quot;:&quot;none&quot;}\" data-widget_type=\"text-editor.default\">\n\t\t\t\t<div class=\"elementor-widget-container\">\n\t\t\t\t\t\t\t\t\t<ul><li>M\u00e1rmores, granitos e pedras.<\/li><li>Pavimenta\u00e7\u00e3o e rampas pintura de faixados.<\/li><li>Pintura decora\u00e7\u00e3o (grafioto, textura e outros pintura em geral: \u00c1rea interna e externa) Alvenaria, predial e Industria \/piscina, constru\u00e7\u00e3o, repara\u00e7\u00e3o e\u00a0 decks diversos.<\/li><li>Pisos em geral ( antiderrapante e de acabamento cer\u00e2mica parcelamento, pedras e outros)<\/li><li>Portas, port\u00f5es e janelas (instala\u00e7\u00e3o) Projecto e legaliza\u00e7\u00e3o.<\/li><li>Revestimentos (Pisos, paredes e diversos materiais)<\/li><li>Revitaliza\u00e7\u00e3o: \u00e1rea interna e externa<\/li><\/ul>\t\t\t\t\t\t\t\t<\/div>\n\t\t\t\t<\/div>\n\t\t\t\t\t<\/div>\n\t\t<\/div>\n\t\t\t\t<div class=\"elementor-column elementor-col-25 elementor-top-column elementor-element elementor-element-6056c66\" data-id=\"6056c66\" data-element_type=\"column\">\n\t\t\t<div class=\"elementor-widget-wrap elementor-element-populated\">\n\t\t\t\t\t\t<div class=\"elementor-element elementor-element-ba1d010 elementor-widget elementor-widget-heading\" data-id=\"ba1d010\" data-element_type=\"widget\" data-settings=\"{&quot;ekit_we_effect_on&quot;:&quot;none&quot;}\" data-widget_type=\"heading.default\">\n\t\t\t\t<div class=\"elementor-widget-container\">\n\t\t\t\t\t<h2 class=\"elementor-heading-title elementor-size-default\">Serralharia:<\/h2>\t\t\t\t<\/div>\n\t\t\t\t<\/div>\n\t\t\t\t<div class=\"elementor-element elementor-element-a882342 elementor-widget elementor-widget-text-editor\" data-id=\"a882342\" data-element_type=\"widget\" data-settings=\"{&quot;ekit_we_effect_on&quot;:&quot;none&quot;}\" data-widget_type=\"text-editor.default\">\n\t\t\t\t<div class=\"elementor-widget-container\">\n\t\t\t\t\t\t\t\t\t<ul><li>Alum\u00ednio, ferro sint\u00e9tico e calafetagem.<\/li><li>Telhado e cobertura teto e forno (recupera\u00e7\u00e3o e constru\u00e7\u00e3o)<\/li><li>Reforma e manuten\u00e7\u00e3o em geral dentre outros servi\u00e7os<\/li><\/ul>\t\t\t\t\t\t\t\t<\/div>\n\t\t\t\t<\/div>\n\t\t\t\t\t<\/div>\n\t\t<\/div>\n\t\t\t\t\t<\/div>\n\t\t<\/section>\n\t\t\t\t<section class=\"elementor-section elementor-top-section elementor-element elementor-element-601f5df elementor-section-boxed elementor-section-height-default elementor-section-height-default\" data-id=\"601f5df\" data-element_type=\"section\">\n\t\t\t\t\t\t<div class=\"elementor-container elementor-column-gap-default\">\n\t\t\t\t\t<div class=\"elementor-column elementor-col-100 elementor-top-column elementor-element elementor-element-7fa15b2\" data-id=\"7fa15b2\" data-element_type=\"column\">\n\t\t\t<div class=\"elementor-widget-wrap elementor-element-populated\">\n\t\t\t\t\t\t<div class=\"elementor-element elementor-element-f542c2f elementor-widget elementor-widget-heading\" data-id=\"f542c2f\" data-element_type=\"widget\" data-settings=\"{&quot;ekit_we_effect_on&quot;:&quot;none&quot;}\" data-widget_type=\"heading.default\">\n\t\t\t\t<div class=\"elementor-widget-container\">\n\t\t\t\t\t<h2 class=\"elementor-heading-title elementor-size-default\">Na \u00c1rea de Fornecimento de Material Hospitalar Temos V\u00e1rios Produtos como os Seguintes:<\/h2>\t\t\t\t<\/div>\n\t\t\t\t<\/div>\n\t\t\t\t\t<\/div>\n\t\t<\/div>\n\t\t\t\t\t<\/div>\n\t\t<\/section>\n\t\t\t\t<section class=\"elementor-section elementor-top-section elementor-element elementor-element-668756d elementor-section-boxed elementor-section-height-default elementor-section-height-default\" data-id=\"668756d\" data-element_type=\"section\">\n\t\t\t\t\t\t<div class=\"elementor-container elementor-column-gap-default\">\n\t\t\t\t\t<div class=\"elementor-column elementor-col-50 elementor-top-column elementor-element elementor-element-7744705\" data-id=\"7744705\" data-element_type=\"column\">\n\t\t\t<div class=\"elementor-widget-wrap elementor-element-populated\">\n\t\t\t\t\t\t<div class=\"elementor-element elementor-element-d0d9cea elementor-widget elementor-widget-elementskit-tablepress\" data-id=\"d0d9cea\" data-element_type=\"widget\" data-settings=\"{&quot;ekit_we_effect_on&quot;:&quot;none&quot;}\" data-widget_type=\"elementskit-tablepress.default\">\n\t\t\t\t<div class=\"elementor-widget-container\">\n\t\t\t\t\t<div class=\"elemenetskit-tablepress ekit-wid-con\" id=\"ekit_tablepress_d0d9cea\">\n<table id=\"tablepress-1\" class=\"tablepress tablepress-id-1\">\n<thead>\n<tr class=\"row-1\">\n\t<th class=\"column-1\">Materias Hospitalar<\/th>\n<\/tr>\n<\/thead>\n<tbody class=\"row-striping row-hover\">\n<tr class=\"row-2\">\n\t<td class=\"column-1\">BANCO COM ELEVA\u00c7\u00c3O RENDONDO A C\/ENCOSTO <\/td>\n<\/tr>\n<tr class=\"row-3\">\n\t<td class=\"column-1\">CACIFOCOM 4 PORTAS <\/td>\n<\/tr>\n<tr class=\"row-4\">\n\t<td class=\"column-1\">CACIFOCOM 6 PORTAS <\/td>\n<\/tr>\n<tr class=\"row-5\">\n\t<td class=\"column-1\">BIOMBOS DUPLO <\/td>\n<\/tr>\n<tr class=\"row-6\">\n\t<td class=\"column-1\">BIOMBOS TRIPLOCOM RODAS <\/td>\n<\/tr>\n<tr class=\"row-7\">\n\t<td class=\"column-1\">BANCO COM ELEVA\u00c7\u00c3O \u00c1 G\u00c1S<\/td>\n<\/tr>\n<tr class=\"row-8\">\n\t<td class=\"column-1\">QUADRO DE CORTI\u00c7A <\/td>\n<\/tr>\n<tr class=\"row-9\">\n\t<td class=\"column-1\">BANCA DE CABECEIRA C\/ TABULEIRO P\/REFEI\u00c7\u00c3O <\/td>\n<\/tr>\n<tr class=\"row-10\">\n\t<td class=\"column-1\">BANCA DE CABECEIRA C\/UMA GAVETA &amp; PARTELEIRA<\/td>\n<\/tr>\n<tr class=\"row-11\">\n\t<td class=\"column-1\">BANCA DE CABECEIRA C\/PORTA BEGE<\/td>\n<\/tr>\n<tr class=\"row-12\">\n\t<td class=\"column-1\">MACA P\/ TRANSPORTAR DOENTES &amp; FERIDOS<\/td>\n<\/tr>\n<tr class=\"row-13\">\n\t<td class=\"column-1\">MACA PORTATIL ENCLHER<\/td>\n<\/tr>\n<tr class=\"row-14\">\n\t<td class=\"column-1\">MACA CARREGAMENTO AUTOMATICO DE \u00c2MBULACIA <\/td>\n<\/tr>\n<tr class=\"row-15\">\n\t<td class=\"column-1\">MACA PORTATIL<\/td>\n<\/tr>\n<tr class=\"row-16\">\n\t<td class=\"column-1\">CARRO AUXILIAR EM A\u00c7O <\/td>\n<\/tr>\n<tr class=\"row-17\">\n\t<td class=\"column-1\">CARRO AUXILIAR EM INOX <\/td>\n<\/tr>\n<tr class=\"row-18\">\n\t<td class=\"column-1\">CARINHO AUXILIAR C\/AUTOCLAVE <\/td>\n<\/tr>\n<tr class=\"row-19\">\n\t<td class=\"column-1\">ESFIGMONOMENTRO<\/td>\n<\/tr>\n<tr class=\"row-20\">\n\t<td class=\"column-1\">ESFIGMONOMENTRO DIGITAL<\/td>\n<\/tr>\n<tr class=\"row-21\">\n\t<td class=\"column-1\">MICROSCOPIO BIOGOGICO BINOCULAR <\/td>\n<\/tr>\n<tr class=\"row-22\">\n\t<td class=\"column-1\">SECA BALAN\u00c7A <\/td>\n<\/tr>\n<tr class=\"row-23\">\n\t<td class=\"column-1\">MARQUESA DESMONTADA E REGULAR<\/td>\n<\/tr>\n<tr class=\"row-24\">\n\t<td class=\"column-1\">MARQUESA DE OBSERVA\u00c7\u00d5ES MARQUESA GINECOLOGICA EL\u00c9TRICA <\/td>\n<\/tr>\n<tr class=\"row-25\">\n\t<td class=\"column-1\">MARQUESA GINECOLOGICA TRIPARTIDA <\/td>\n<\/tr>\n<tr class=\"row-26\">\n\t<td class=\"column-1\">BALAN\u00c7A RAMUZA BATERIA <\/td>\n<\/tr>\n<tr class=\"row-27\">\n\t<td class=\"column-1\">BALA\u00c7A PRATEADA M\u00caCANICA <\/td>\n<\/tr>\n<tr class=\"row-28\">\n\t<td class=\"column-1\">BALA\u00c7A DE COLUNA M\u00caCANICA <\/td>\n<\/tr>\n<tr class=\"row-29\">\n\t<td class=\"column-1\">BALAN\u00c7A DIGITAL <\/td>\n<\/tr>\n<tr class=\"row-30\">\n\t<td class=\"column-1\">CAMA HOSPITALAR SIMPLES <\/td>\n<\/tr>\n<tr class=\"row-31\">\n\t<td class=\"column-1\"><\/td>\n<\/tr>\n<tr class=\"row-32\">\n\t<td class=\"column-1\"><\/td>\n<\/tr>\n<tr class=\"row-33\">\n\t<td class=\"column-1\"><\/td>\n<\/tr>\n<tr class=\"row-34\">\n\t<td class=\"column-1\"><\/td>\n<\/tr>\n<tr class=\"row-35\">\n\t<td class=\"column-1\"><\/td>\n<\/tr>\n<tr class=\"row-36\">\n\t<td class=\"column-1\"><\/td>\n<\/tr>\n<tr class=\"row-37\">\n\t<td class=\"column-1\"><\/td>\n<\/tr>\n<tr class=\"row-38\">\n\t<td class=\"column-1\"><\/td>\n<\/tr>\n<tr class=\"row-39\">\n\t<td class=\"column-1\"><\/td>\n<\/tr>\n<tr class=\"row-40\">\n\t<td class=\"column-1\"><\/td>\n<\/tr>\n<tr class=\"row-41\">\n\t<td class=\"column-1\"><\/td>\n<\/tr>\n<tr class=\"row-42\">\n\t<td class=\"column-1\"><\/td>\n<\/tr>\n<\/tbody>\n<\/table>\n<\/div>\t\t\t\t<\/div>\n\t\t\t\t<\/div>\n\t\t\t\t\t<\/div>\n\t\t<\/div>\n\t\t\t\t<div class=\"elementor-column elementor-col-50 elementor-top-column elementor-element elementor-element-16c3b83\" data-id=\"16c3b83\" data-element_type=\"column\">\n\t\t\t<div class=\"elementor-widget-wrap elementor-element-populated\">\n\t\t\t\t\t\t<div class=\"elementor-element elementor-element-5902ac9 elementor-widget elementor-widget-elementskit-tablepress\" data-id=\"5902ac9\" data-element_type=\"widget\" data-settings=\"{&quot;ekit_we_effect_on&quot;:&quot;none&quot;}\" data-widget_type=\"elementskit-tablepress.default\">\n\t\t\t\t<div class=\"elementor-widget-container\">\n\t\t\t\t\t<div class=\"elemenetskit-tablepress ekit-wid-con\" id=\"ekit_tablepress_5902ac9\">\n<table id=\"tablepress-2\" class=\"tablepress tablepress-id-2\">\n<thead>\n<tr class=\"row-1\">\n\t<th class=\"column-1\">Material de Biossegura<\/th>\n<\/tr>\n<\/thead>\n<tbody class=\"row-striping row-hover\">\n<tr class=\"row-2\">\n\t<td class=\"column-1\">LUVAS LATEX COM P\u00d3<\/td>\n<\/tr>\n<tr class=\"row-3\">\n\t<td class=\"column-1\">ALCOOL ETILICO <\/td>\n<\/tr>\n<tr class=\"row-4\">\n\t<td class=\"column-1\">ALCOOL EM GIL <\/td>\n<\/tr>\n<tr class=\"row-5\">\n\t<td class=\"column-1\">MASCARA <\/td>\n<\/tr>\n<tr class=\"row-6\">\n\t<td class=\"column-1\">BATAS <\/td>\n<\/tr>\n<tr class=\"row-7\">\n\t<td class=\"column-1\">TESTE PARA COVID-19 NARIZ <\/td>\n<\/tr>\n<tr class=\"row-8\">\n\t<td class=\"column-1\">TIRAS DE TESTE DE GLICOSE NO SANGUE\/ 50 LANCETAS <\/td>\n<\/tr>\n<tr class=\"row-9\">\n\t<td class=\"column-1\">FATO DE BLOCO <\/td>\n<\/tr>\n<tr class=\"row-10\">\n\t<td class=\"column-1\">FATO BIOSSEGURA <\/td>\n<\/tr>\n<tr class=\"row-11\">\n\t<td class=\"column-1\">SABONETE DETERGENTE DESIFETANTE <\/td>\n<\/tr>\n<tr class=\"row-12\">\n\t<td class=\"column-1\">SAB\u00c3O AZUL <\/td>\n<\/tr>\n<tr class=\"row-13\">\n\t<td class=\"column-1\">LIXIVIA <\/td>\n<\/tr>\n<tr class=\"row-14\">\n\t<td class=\"column-1\"><\/td>\n<\/tr>\n<tr class=\"row-15\">\n\t<td class=\"column-1\"><\/td>\n<\/tr>\n<\/tbody>\n<\/table>\n<\/div>\t\t\t\t<\/div>\n\t\t\t\t<\/div>\n\t\t\t\t\t<\/div>\n\t\t<\/div>\n\t\t\t\t\t<\/div>\n\t\t<\/section>\n\t\t\t\t<section class=\"elementor-section elementor-top-section elementor-element elementor-element-4f6106e elementor-section-boxed elementor-section-height-default elementor-section-height-default\" data-id=\"4f6106e\" data-element_type=\"section\">\n\t\t\t\t\t\t<div class=\"elementor-container elementor-column-gap-default\">\n\t\t\t\t\t<div class=\"elementor-column elementor-col-100 elementor-top-column elementor-element elementor-element-6caa68f\" data-id=\"6caa68f\" data-element_type=\"column\">\n\t\t\t<div class=\"elementor-widget-wrap elementor-element-populated\">\n\t\t\t\t\t\t<div class=\"elementor-element elementor-element-dfc6256 elementor-align-center elementor-widget elementor-widget-button\" data-id=\"dfc6256\" data-element_type=\"widget\" data-settings=\"{&quot;ekit_we_effect_on&quot;:&quot;none&quot;}\" data-widget_type=\"button.default\">\n\t\t\t\t<div class=\"elementor-widget-container\">\n\t\t\t\t\t\t\t\t\t<div class=\"elementor-button-wrapper\">\n\t\t\t\t\t<a class=\"elementor-button elementor-button-link elementor-size-lg\" href=\"https:\/\/grupotorrescenter.ao\/index.php\/contactos\/\">\n\t\t\t\t\t\t<span class=\"elementor-button-content-wrapper\">\n\t\t\t\t\t\t<span class=\"elementor-button-icon\">\n\t\t\t\t<i aria-hidden=\"true\" class=\"fas fa-long-arrow-alt-right\"><\/i>\t\t\t<\/span>\n\t\t\t\t\t\t\t\t\t<span class=\"elementor-button-text\">Contacte-Nos<\/span>\n\t\t\t\t\t<\/span>\n\t\t\t\t\t<\/a>\n\t\t\t\t<\/div>\n\t\t\t\t\t\t\t\t<\/div>\n\t\t\t\t<\/div>\n\t\t\t\t\t<\/div>\n\t\t<\/div>\n\t\t\t\t\t<\/div>\n\t\t<\/section>\n\t\t\t\t<\/div>\n\t\t","protected":false},"excerpt":{"rendered":"<p>TORRES CENTER &#8211; Engenharia &#038; Constru\u00e7\u00e3o Civil Torres Center -Engenharia &amp; Constru\u00e7\u00e3o Civil e Fornecimento de Material Hospitalar: Com a sua sede situada na Cidade de Luanda, Munic\u00edpio de Viana Bairro 4\u00ba de Abril Casa N\u00ba 29, com o n\u00ba de contribuinte n\u00ba5417303828, \u00e9 uma Empresa, criada para dar cobertura [&hellip;]<\/p>\n","protected":false},"author":1,"featured_media":0,"parent":0,"menu_order":0,"comment_status":"closed","ping_status":"closed","template":"","meta":{"footnotes":""},"class_list":["post-357","page","type-page","status-publish","hentry"],"_links":{"self":[{"href":"https:\/\/grupotorrescenter.ao\/index.php\/wp-json\/wp\/v2\/pages\/357","targetHints":{"allow":["GET"]}}],"collection":[{"href":"https:\/\/grupotorrescenter.ao\/index.php\/wp-json\/wp\/v2\/pages"}],"about":[{"href":"https:\/\/grupotorrescenter.ao\/index.php\/wp-json\/wp\/v2\/types\/page"}],"author":[{"embeddable":true,"href":"https:\/\/grupotorrescenter.ao\/index.php\/wp-json\/wp\/v2\/users\/1"}],"replies":[{"embeddable":true,"href":"https:\/\/grupotorrescenter.ao\/index.php\/wp-json\/wp\/v2\/comments?post=357"}],"version-history":[{"count":83,"href":"https:\/\/grupotorrescenter.ao\/index.php\/wp-json\/wp\/v2\/pages\/357\/revisions"}],"predecessor-version":[{"id":2122,"href":"https:\/\/grupotorrescenter.ao\/index.php\/wp-json\/wp\/v2\/pages\/357\/revisions\/2122"}],"wp:attachment":[{"href":"https:\/\/grupotorrescenter.ao\/index.php\/wp-json\/wp\/v2\/media?parent=357"}],"curies":[{"name":"wp","href":"https:\/\/api.w.org\/{rel}","templated":true}]}}