{"id":1520,"date":"2021-09-21T15:15:35","date_gmt":"2021-09-21T15:15:35","guid":{"rendered":"https:\/\/grupotorrescenter.ao\/?page_id=1520"},"modified":"2024-08-14T10:15:21","modified_gmt":"2024-08-14T10:15:21","slug":"papel-mais-comercial","status":"publish","type":"page","link":"https:\/\/grupotorrescenter.ao\/index.php\/papel-mais-comercial\/","title":{"rendered":"PAPEL MAIS COMERCIAL"},"content":{"rendered":"\t\t<div data-elementor-type=\"wp-page\" data-elementor-id=\"1520\" class=\"elementor elementor-1520\">\n\t\t\t\t\t\t<section class=\"elementor-section elementor-top-section elementor-element elementor-element-04629c6 elementor-section-full_width elementor-section-height-min-height elementor-section-stretched elementor-section-height-default elementor-section-items-middle\" data-id=\"04629c6\" data-element_type=\"section\" data-settings=\"{&quot;background_background&quot;:&quot;classic&quot;,&quot;stretch_section&quot;:&quot;section-stretched&quot;}\">\n\t\t\t\t\t\t\t<div class=\"elementor-background-overlay\"><\/div>\n\t\t\t\t\t\t\t<div class=\"elementor-container elementor-column-gap-default\">\n\t\t\t\t\t<div class=\"elementor-column elementor-col-100 elementor-top-column elementor-element elementor-element-de2a5a2\" data-id=\"de2a5a2\" data-element_type=\"column\">\n\t\t\t<div class=\"elementor-widget-wrap elementor-element-populated\">\n\t\t\t\t\t\t<div class=\"elementor-element elementor-element-47279b3 elementor-widget elementor-widget-heading\" data-id=\"47279b3\" data-element_type=\"widget\" data-settings=\"{&quot;ekit_we_effect_on&quot;:&quot;none&quot;}\" data-widget_type=\"heading.default\">\n\t\t\t\t<div class=\"elementor-widget-container\">\n\t\t\t\t\t<h2 class=\"elementor-heading-title elementor-size-default\">PAPEL MAIS COMERCIAL<\/h2>\t\t\t\t<\/div>\n\t\t\t\t<\/div>\n\t\t\t\t\t<\/div>\n\t\t<\/div>\n\t\t\t\t\t<\/div>\n\t\t<\/section>\n\t\t\t\t<section class=\"elementor-section elementor-top-section elementor-element elementor-element-a418197 elementor-section-boxed elementor-section-height-default elementor-section-height-default\" data-id=\"a418197\" data-element_type=\"section\">\n\t\t\t\t\t\t<div class=\"elementor-container elementor-column-gap-default\">\n\t\t\t\t\t<div class=\"elementor-column elementor-col-50 elementor-top-column elementor-element elementor-element-0cc30be\" data-id=\"0cc30be\" data-element_type=\"column\">\n\t\t\t<div class=\"elementor-widget-wrap elementor-element-populated\">\n\t\t\t\t\t\t<div class=\"elementor-element elementor-element-f97978a elementor-widget elementor-widget-heading\" data-id=\"f97978a\" data-element_type=\"widget\" data-settings=\"{&quot;ekit_we_effect_on&quot;:&quot;none&quot;}\" data-widget_type=\"heading.default\">\n\t\t\t\t<div class=\"elementor-widget-container\">\n\t\t\t\t\t<h2 class=\"elementor-heading-title elementor-size-default\">SOBRE N\u00d3S<\/h2>\t\t\t\t<\/div>\n\t\t\t\t<\/div>\n\t\t\t\t<div class=\"elementor-element elementor-element-2f2335b elementor-widget-divider--view-line elementor-widget elementor-widget-divider\" data-id=\"2f2335b\" data-element_type=\"widget\" data-settings=\"{&quot;ekit_we_effect_on&quot;:&quot;none&quot;}\" data-widget_type=\"divider.default\">\n\t\t\t\t<div class=\"elementor-widget-container\">\n\t\t\t\t\t\t\t<div class=\"elementor-divider\">\n\t\t\t<span class=\"elementor-divider-separator\">\n\t\t\t\t\t\t<\/span>\n\t\t<\/div>\n\t\t\t\t\t\t<\/div>\n\t\t\t\t<\/div>\n\t\t\t\t<div class=\"elementor-element elementor-element-a2378ee elementor-widget elementor-widget-text-editor\" data-id=\"a2378ee\" data-element_type=\"widget\" data-settings=\"{&quot;ekit_we_effect_on&quot;:&quot;none&quot;}\" data-widget_type=\"text-editor.default\">\n\t\t\t\t<div class=\"elementor-widget-container\">\n\t\t\t\t\t\t\t\t\t<p><span style=\"color: #000000;\"><strong>Papel Mais Comercial:<\/strong><\/span> \u00c9 uma Empresa, criada para dar cobertura ao Mercado Nacional na \u00e1rea de consum\u00edveis de Escrit\u00f3rio, e escolar, focalizada para trabalhar com grande empresa estatais e privadas, o nosso foco s\u00e3o as Empresas.<\/p><p>Papel Mais Comercial \u00e9 uma marca de elei\u00e7\u00e3o detentora de uma forte notoriedade, uma marca com historia e tradi\u00e7\u00e3o, mas ao mesmo tempo moderna e contempor\u00e2nea, atenta as mudan\u00e7as e novas tend\u00eancias, acompanhando a economia do mercado, a nossa convic\u00e7\u00e3o e que todo o nosso esfor\u00e7os e investimento, se insere na filosofia do desenvolvimento do Pais.\u00a0<\/p><p><strong>A Papel Mais Comercial <\/strong><strong>Vocaciona-se a Comercializa\u00e7\u00e3o<\/strong> e <strong>Apetrechamento<\/strong> de produtos diversos, desde <strong><span style=\"color: #000000;\">Material de Escritor, Material Escolar e Consum\u00edveis de Escrit\u00f3rio tais como: Computares, Impressoras, Cadeiras, Secretarias, Toner, Tinteiro, Papel, Capa de Processo, Agrafador, L\u00e1pis, Lapiseiras, Agendas, Pen Drive, Disco Duros, Postites, Sinalizador, Envelope de todo tipo, Envelopes personalizados, Pastas de Arquivos, C\u00e1rdenos, Bloco de Apontamento, Clips, Marcadores, Agrafo, Saca Agrafo, Calculadoras, entre outros<\/span><\/strong><\/p>\t\t\t\t\t\t\t\t<\/div>\n\t\t\t\t<\/div>\n\t\t\t\t\t<\/div>\n\t\t<\/div>\n\t\t\t\t<div class=\"elementor-column elementor-col-50 elementor-top-column elementor-element elementor-element-2d94bb2\" data-id=\"2d94bb2\" data-element_type=\"column\">\n\t\t\t<div class=\"elementor-widget-wrap elementor-element-populated\">\n\t\t\t\t\t\t<div class=\"elementor-element elementor-element-b2f3630 elementor-widget elementor-widget-image\" data-id=\"b2f3630\" data-element_type=\"widget\" data-settings=\"{&quot;ekit_we_effect_on&quot;:&quot;none&quot;}\" data-widget_type=\"image.default\">\n\t\t\t\t<div class=\"elementor-widget-container\">\n\t\t\t\t\t\t\t\t\t\t\t\t\t\t\t<img fetchpriority=\"high\" decoding=\"async\" width=\"681\" height=\"368\" src=\"https:\/\/grupotorrescenter.ao\/wp-content\/uploads\/2021\/09\/Logopapel.jpg\" class=\"attachment-large size-large wp-image-1385\" alt=\"\" srcset=\"https:\/\/grupotorrescenter.ao\/wp-content\/uploads\/2021\/09\/Logopapel.jpg 681w, https:\/\/grupotorrescenter.ao\/wp-content\/uploads\/2021\/09\/Logopapel-300x162.jpg 300w\" sizes=\"(max-width: 681px) 100vw, 681px\" \/>\t\t\t\t\t\t\t\t\t\t\t\t\t\t\t<\/div>\n\t\t\t\t<\/div>\n\t\t\t\t<div class=\"elementor-element elementor-element-f06da18 elementor-widget elementor-widget-image\" data-id=\"f06da18\" data-element_type=\"widget\" data-settings=\"{&quot;ekit_we_effect_on&quot;:&quot;none&quot;}\" data-widget_type=\"image.default\">\n\t\t\t\t<div class=\"elementor-widget-container\">\n\t\t\t\t\t\t\t\t\t\t\t\t\t\t\t<img decoding=\"async\" width=\"1024\" height=\"723\" src=\"https:\/\/grupotorrescenter.ao\/wp-content\/uploads\/2021\/09\/EDIGAR-FLAIER-1-1024x723.jpg\" class=\"attachment-large size-large wp-image-1525\" alt=\"\" srcset=\"https:\/\/grupotorrescenter.ao\/wp-content\/uploads\/2021\/09\/EDIGAR-FLAIER-1-1024x723.jpg 1024w, https:\/\/grupotorrescenter.ao\/wp-content\/uploads\/2021\/09\/EDIGAR-FLAIER-1-300x212.jpg 300w, https:\/\/grupotorrescenter.ao\/wp-content\/uploads\/2021\/09\/EDIGAR-FLAIER-1-768x543.jpg 768w, https:\/\/grupotorrescenter.ao\/wp-content\/uploads\/2021\/09\/EDIGAR-FLAIER-1-1536x1085.jpg 1536w, https:\/\/grupotorrescenter.ao\/wp-content\/uploads\/2021\/09\/EDIGAR-FLAIER-1-2048x1447.jpg 2048w\" sizes=\"(max-width: 1024px) 100vw, 1024px\" \/>\t\t\t\t\t\t\t\t\t\t\t\t\t\t\t<\/div>\n\t\t\t\t<\/div>\n\t\t\t\t\t<\/div>\n\t\t<\/div>\n\t\t\t\t\t<\/div>\n\t\t<\/section>\n\t\t\t\t<section class=\"elementor-section elementor-top-section elementor-element elementor-element-79e9e48 elementor-section-boxed elementor-section-height-default elementor-section-height-default\" data-id=\"79e9e48\" data-element_type=\"section\">\n\t\t\t\t\t\t<div class=\"elementor-container elementor-column-gap-default\">\n\t\t\t\t\t<div class=\"elementor-column elementor-col-100 elementor-top-column elementor-element elementor-element-0f0882f\" data-id=\"0f0882f\" data-element_type=\"column\">\n\t\t\t<div class=\"elementor-widget-wrap elementor-element-populated\">\n\t\t\t\t\t\t<div class=\"elementor-element elementor-element-4c23b18 elementor-widget elementor-widget-heading\" data-id=\"4c23b18\" data-element_type=\"widget\" data-settings=\"{&quot;ekit_we_effect_on&quot;:&quot;none&quot;}\" data-widget_type=\"heading.default\">\n\t\t\t\t<div class=\"elementor-widget-container\">\n\t\t\t\t\t<h2 class=\"elementor-heading-title elementor-size-default\">Comercializa\u00e7\u00e3o de Cabazes<\/h2>\t\t\t\t<\/div>\n\t\t\t\t<\/div>\n\t\t\t\t<div class=\"elementor-element elementor-element-f8b66ef elementor-widget-divider--view-line elementor-widget elementor-widget-divider\" data-id=\"f8b66ef\" data-element_type=\"widget\" data-settings=\"{&quot;ekit_we_effect_on&quot;:&quot;none&quot;}\" data-widget_type=\"divider.default\">\n\t\t\t\t<div class=\"elementor-widget-container\">\n\t\t\t\t\t\t\t<div class=\"elementor-divider\">\n\t\t\t<span class=\"elementor-divider-separator\">\n\t\t\t\t\t\t<\/span>\n\t\t<\/div>\n\t\t\t\t\t\t<\/div>\n\t\t\t\t<\/div>\n\t\t\t\t\t<\/div>\n\t\t<\/div>\n\t\t\t\t\t<\/div>\n\t\t<\/section>\n\t\t\t\t<section class=\"elementor-section elementor-top-section elementor-element elementor-element-268eb44 elementor-section-boxed elementor-section-height-default elementor-section-height-default\" data-id=\"268eb44\" data-element_type=\"section\">\n\t\t\t\t\t\t<div class=\"elementor-container elementor-column-gap-default\">\n\t\t\t\t\t<div class=\"elementor-column elementor-col-100 elementor-top-column elementor-element elementor-element-75c47cf\" data-id=\"75c47cf\" data-element_type=\"column\">\n\t\t\t<div class=\"elementor-widget-wrap elementor-element-populated\">\n\t\t\t\t\t\t<div class=\"elementor-element elementor-element-c1a6aa0 ekit-image-accordion-hover ekit-image-accordion-horizontal elementor-widget elementor-widget-elementskit-image-accordion\" data-id=\"c1a6aa0\" data-element_type=\"widget\" data-settings=\"{&quot;ekit_we_effect_on&quot;:&quot;none&quot;}\" data-widget_type=\"elementskit-image-accordion.default\">\n\t\t\t\t<div class=\"elementor-widget-container\">\n\t\t\t\t\t<div class=\"ekit-wid-con\" >\t\t<div class=\"ekit-image-accordion elementskit-image-accordion-wraper\">\n\t\t\t                <input type=\"radio\" name=\"ekit_ia_c1a6aa0\" id=\"ekit_ia_c1a6aa0_0\" class=\"elementskit-single-image-accordion--input\" hidden>\n                <label for=\"ekit_ia_c1a6aa0_0\" class=\"elementskit-single-image-accordion ekit-image-accordion-item\" style=\"background-image: url(https:\/\/grupotorrescenter.ao\/wp-content\/uploads\/2021\/09\/WhatsApp-Image-2021-09-24-at-09.53.38.jpeg)\">\n                    <span class=\"elementskit-accordion-content\">\n\t\t\t\t\t\t\t\t\t\t\t\t\t<span class=\"elementskit-accordion-title-wraper\">\n\t\t\t\t\t\t\t\t<span class=\"elementskit-accordion-title \">\n\t\t\t\t\t\t\t\t\n\t\t\t\t\t\t\t\t\n\t\t\t\t\t\t\t\t\t\t\t\t\t\t\t\t<\/span>\n\t\t\t\t\t\t\t<\/span>\n\t\t\t\t\t\t\t                    <\/span>\n                <\/label>\n                            <input type=\"radio\" name=\"ekit_ia_c1a6aa0\" id=\"ekit_ia_c1a6aa0_1\" class=\"elementskit-single-image-accordion--input\" hidden>\n                <label for=\"ekit_ia_c1a6aa0_1\" class=\"elementskit-single-image-accordion ekit-image-accordion-item\" style=\"background-image: url(https:\/\/grupotorrescenter.ao\/wp-content\/uploads\/2021\/09\/WhatsApp-Image-2021-09-24-at-09.53.37.jpeg)\">\n                    <span class=\"elementskit-accordion-content\">\n\t\t\t\t\t\t\t\t\t\t\t\t\t<span class=\"elementskit-accordion-title-wraper\">\n\t\t\t\t\t\t\t\t<span class=\"elementskit-accordion-title \">\n\t\t\t\t\t\t\t\t\n\t\t\t\t\t\t\t\t\n\t\t\t\t\t\t\t\t\t\t\t\t\t\t\t\t<\/span>\n\t\t\t\t\t\t\t<\/span>\n\t\t\t\t\t\t\t                    <\/span>\n                <\/label>\n                            <input type=\"radio\" name=\"ekit_ia_c1a6aa0\" id=\"ekit_ia_c1a6aa0_2\" class=\"elementskit-single-image-accordion--input\" hidden>\n                <label for=\"ekit_ia_c1a6aa0_2\" class=\"elementskit-single-image-accordion ekit-image-accordion-item\" style=\"background-image: url(https:\/\/grupotorrescenter.ao\/wp-content\/uploads\/2021\/09\/WhatsApp-Image-2021-09-24-at-09.53.36-2.jpeg)\">\n                    <span class=\"elementskit-accordion-content\">\n\t\t\t\t\t\t\t\t\t\t\t\t\t<span class=\"elementskit-accordion-title-wraper\">\n\t\t\t\t\t\t\t\t<span class=\"elementskit-accordion-title \">\n\t\t\t\t\t\t\t\t\n\t\t\t\t\t\t\t\t\n\t\t\t\t\t\t\t\t\t\t\t\t\t\t\t\t<\/span>\n\t\t\t\t\t\t\t<\/span>\n\t\t\t\t\t\t\t                    <\/span>\n                <\/label>\n                            <input type=\"radio\" name=\"ekit_ia_c1a6aa0\" id=\"ekit_ia_c1a6aa0_3\" class=\"elementskit-single-image-accordion--input\" hidden>\n                <label for=\"ekit_ia_c1a6aa0_3\" class=\"elementskit-single-image-accordion ekit-image-accordion-item\" style=\"background-image: url(https:\/\/grupotorrescenter.ao\/wp-content\/uploads\/2021\/09\/WhatsApp-Image-2021-09-24-at-09.53.33.jpeg)\">\n                    <span class=\"elementskit-accordion-content\">\n\t\t\t\t\t\t\t\t\t\t\t\t\t<span class=\"elementskit-accordion-title-wraper\">\n\t\t\t\t\t\t\t\t<span class=\"elementskit-accordion-title \">\n\t\t\t\t\t\t\t\t\n\t\t\t\t\t\t\t\t\n\t\t\t\t\t\t\t\t\t\t\t\t\t\t\t\t<\/span>\n\t\t\t\t\t\t\t<\/span>\n\t\t\t\t\t\t\t                    <\/span>\n                <\/label>\n                    <\/div>\n    <\/div>\t\t\t\t<\/div>\n\t\t\t\t<\/div>\n\t\t\t\t\t<\/div>\n\t\t<\/div>\n\t\t\t\t\t<\/div>\n\t\t<\/section>\n\t\t\t\t<section class=\"elementor-section elementor-top-section elementor-element elementor-element-d7be975 elementor-section-boxed elementor-section-height-default elementor-section-height-default\" data-id=\"d7be975\" data-element_type=\"section\">\n\t\t\t\t\t\t<div class=\"elementor-container elementor-column-gap-default\">\n\t\t\t\t\t<div class=\"elementor-column elementor-col-100 elementor-top-column elementor-element elementor-element-7d2884d\" data-id=\"7d2884d\" data-element_type=\"column\">\n\t\t\t<div class=\"elementor-widget-wrap elementor-element-populated\">\n\t\t\t\t\t\t<div class=\"elementor-element elementor-element-077118a elementor-align-center elementor-widget elementor-widget-button\" data-id=\"077118a\" data-element_type=\"widget\" data-settings=\"{&quot;ekit_we_effect_on&quot;:&quot;none&quot;}\" data-widget_type=\"button.default\">\n\t\t\t\t<div class=\"elementor-widget-container\">\n\t\t\t\t\t\t\t\t\t<div class=\"elementor-button-wrapper\">\n\t\t\t\t\t<a class=\"elementor-button elementor-button-link elementor-size-lg\" href=\"https:\/\/grupotorrescenter.ao\/index.php\/contactos\/\">\n\t\t\t\t\t\t<span class=\"elementor-button-content-wrapper\">\n\t\t\t\t\t\t<span class=\"elementor-button-icon\">\n\t\t\t\t<i aria-hidden=\"true\" class=\"fas fa-long-arrow-alt-right\"><\/i>\t\t\t<\/span>\n\t\t\t\t\t\t\t\t\t<span class=\"elementor-button-text\">Contacte-Nos<\/span>\n\t\t\t\t\t<\/span>\n\t\t\t\t\t<\/a>\n\t\t\t\t<\/div>\n\t\t\t\t\t\t\t\t<\/div>\n\t\t\t\t<\/div>\n\t\t\t\t\t<\/div>\n\t\t<\/div>\n\t\t\t\t\t<\/div>\n\t\t<\/section>\n\t\t\t\t<\/div>\n\t\t","protected":false},"excerpt":{"rendered":"<p>PAPEL MAIS COMERCIAL SOBRE N\u00d3S Papel Mais Comercial: \u00c9 uma Empresa, criada para dar cobertura ao Mercado Nacional na \u00e1rea de consum\u00edveis de Escrit\u00f3rio, e escolar, focalizada para trabalhar com grande empresa estatais e privadas, o nosso foco s\u00e3o as Empresas. Papel Mais Comercial \u00e9 uma marca de elei\u00e7\u00e3o detentora [&hellip;]<\/p>\n","protected":false},"author":1,"featured_media":0,"parent":0,"menu_order":0,"comment_status":"closed","ping_status":"closed","template":"","meta":{"footnotes":""},"class_list":["post-1520","page","type-page","status-publish","hentry"],"_links":{"self":[{"href":"https:\/\/grupotorrescenter.ao\/index.php\/wp-json\/wp\/v2\/pages\/1520","targetHints":{"allow":["GET"]}}],"collection":[{"href":"https:\/\/grupotorrescenter.ao\/index.php\/wp-json\/wp\/v2\/pages"}],"about":[{"href":"https:\/\/grupotorrescenter.ao\/index.php\/wp-json\/wp\/v2\/types\/page"}],"author":[{"embeddable":true,"href":"https:\/\/grupotorrescenter.ao\/index.php\/wp-json\/wp\/v2\/users\/1"}],"replies":[{"embeddable":true,"href":"https:\/\/grupotorrescenter.ao\/index.php\/wp-json\/wp\/v2\/comments?post=1520"}],"version-history":[{"count":43,"href":"https:\/\/grupotorrescenter.ao\/index.php\/wp-json\/wp\/v2\/pages\/1520\/revisions"}],"predecessor-version":[{"id":2099,"href":"https:\/\/grupotorrescenter.ao\/index.php\/wp-json\/wp\/v2\/pages\/1520\/revisions\/2099"}],"wp:attachment":[{"href":"https:\/\/grupotorrescenter.ao\/index.php\/wp-json\/wp\/v2\/media?parent=1520"}],"curies":[{"name":"wp","href":"https:\/\/api.w.org\/{rel}","templated":true}]}}