{"id":1474,"date":"2021-09-21T14:47:11","date_gmt":"2021-09-21T14:47:11","guid":{"rendered":"https:\/\/grupotorrescenter.ao\/?page_id=1474"},"modified":"2024-08-14T10:11:11","modified_gmt":"2024-08-14T10:11:11","slug":"grupo-edgar-fran-limpeza-desifestacao-jardinagem","status":"publish","type":"page","link":"https:\/\/grupotorrescenter.ao\/index.php\/grupo-edgar-fran-limpeza-desifestacao-jardinagem\/","title":{"rendered":"GRUPO EDGAR FRAN- LIMPEZA, DESIFESTA\u00c7\u00c3O &#038; JARDINAGEM"},"content":{"rendered":"\t\t<div data-elementor-type=\"wp-page\" data-elementor-id=\"1474\" class=\"elementor elementor-1474\">\n\t\t\t\t\t\t<section class=\"elementor-section elementor-top-section elementor-element elementor-element-f8896db elementor-section-full_width elementor-section-height-min-height elementor-section-stretched elementor-section-height-default elementor-section-items-middle\" data-id=\"f8896db\" data-element_type=\"section\" data-settings=\"{&quot;background_background&quot;:&quot;classic&quot;,&quot;stretch_section&quot;:&quot;section-stretched&quot;}\">\n\t\t\t\t\t\t\t<div class=\"elementor-background-overlay\"><\/div>\n\t\t\t\t\t\t\t<div class=\"elementor-container elementor-column-gap-default\">\n\t\t\t\t\t<div class=\"elementor-column elementor-col-100 elementor-top-column elementor-element elementor-element-afa6809\" data-id=\"afa6809\" data-element_type=\"column\">\n\t\t\t<div class=\"elementor-widget-wrap elementor-element-populated\">\n\t\t\t\t\t\t<div class=\"elementor-element elementor-element-3fc384d elementor-widget elementor-widget-heading\" data-id=\"3fc384d\" data-element_type=\"widget\" data-settings=\"{&quot;ekit_we_effect_on&quot;:&quot;none&quot;}\" data-widget_type=\"heading.default\">\n\t\t\t\t<div class=\"elementor-widget-container\">\n\t\t\t\t\t<h2 class=\"elementor-heading-title elementor-size-default\">EDGAR FRAN - SERVI\u00c7OS DE LIMPEZA, DESIFESTA\u00c7\u00c3O &amp; JARDINAGEM<\/h2>\t\t\t\t<\/div>\n\t\t\t\t<\/div>\n\t\t\t\t\t<\/div>\n\t\t<\/div>\n\t\t\t\t\t<\/div>\n\t\t<\/section>\n\t\t\t\t<section class=\"elementor-section elementor-top-section elementor-element elementor-element-fecfbf1 elementor-section-boxed elementor-section-height-default elementor-section-height-default\" data-id=\"fecfbf1\" data-element_type=\"section\">\n\t\t\t\t\t\t<div class=\"elementor-container elementor-column-gap-default\">\n\t\t\t\t\t<div class=\"elementor-column elementor-col-50 elementor-top-column elementor-element elementor-element-5c8cffd\" data-id=\"5c8cffd\" data-element_type=\"column\">\n\t\t\t<div class=\"elementor-widget-wrap elementor-element-populated\">\n\t\t\t\t\t\t<div class=\"elementor-element elementor-element-70c6a9a elementor-widget elementor-widget-heading\" data-id=\"70c6a9a\" data-element_type=\"widget\" data-settings=\"{&quot;ekit_we_effect_on&quot;:&quot;none&quot;}\" data-widget_type=\"heading.default\">\n\t\t\t\t<div class=\"elementor-widget-container\">\n\t\t\t\t\t<h2 class=\"elementor-heading-title elementor-size-default\">SOBRE N\u00d3S<\/h2>\t\t\t\t<\/div>\n\t\t\t\t<\/div>\n\t\t\t\t<div class=\"elementor-element elementor-element-bc58bb2 elementor-widget-divider--view-line elementor-widget elementor-widget-divider\" data-id=\"bc58bb2\" data-element_type=\"widget\" data-settings=\"{&quot;ekit_we_effect_on&quot;:&quot;none&quot;}\" data-widget_type=\"divider.default\">\n\t\t\t\t<div class=\"elementor-widget-container\">\n\t\t\t\t\t\t\t<div class=\"elementor-divider\">\n\t\t\t<span class=\"elementor-divider-separator\">\n\t\t\t\t\t\t<\/span>\n\t\t<\/div>\n\t\t\t\t\t\t<\/div>\n\t\t\t\t<\/div>\n\t\t\t\t<div class=\"elementor-element elementor-element-348c99f elementor-widget elementor-widget-text-editor\" data-id=\"348c99f\" data-element_type=\"widget\" data-settings=\"{&quot;ekit_we_effect_on&quot;:&quot;none&quot;}\" data-widget_type=\"text-editor.default\">\n\t\t\t\t<div class=\"elementor-widget-container\">\n\t\t\t\t\t\t\t\t\t<p><span style=\"color: #000000;\"><strong>Edgar Fran, Presta\u00e7\u00e3o de servi\u00e7os de Limpeza, Desifesta\u00e7\u00e3o &amp; Jardinagem: <\/strong><\/span>\u00c9\u00a0uma Empresa, criada para dar cobertura ao Mercado Nacional na \u00e1rea de Limpeza, Desifesta\u00e7\u00e3o &amp; Jardinagem, focalizada para trabalhar com pequenas, medias e grandes Empresas estatais e privadas, o nosso foco s\u00e3o as Empresas.<\/p><p>Temos profissionais capacitado e especializado em cada seguimento atuante e actualizado com foco e anteced\u00eancia de mercado.<\/p><p>Necessitando de autoriza\u00e7\u00e3o para se instalar nesta Prov\u00edncia e ter acesso e\/ou concorrer em pr\u00f3ximos concursos p\u00fablicos ou limitados para\u00a0 presta\u00e7\u00e3o de servi\u00e7os. Oferecemos uma gama de op\u00e7\u00f5es, sempre aprimorando para melhor atender suas necessidades e expectativas.<\/p><ul><li><span style=\"color: #000000;\"><strong>Nossos Valores:<\/strong><\/span><\/li><li><span style=\"color: #000000;\"><strong>Miss\u00e3o: <\/strong><\/span><\/li><li><span style=\"color: #000000;\"><strong>Vis\u00e3o:<\/strong><\/span><\/li><li><span style=\"color: #000000;\"><strong>Foco: <\/strong><\/span><\/li><li><span style=\"color: #000000;\"><strong>Aten\u00e7\u00e3o:<\/strong><\/span><\/li><\/ul><p><strong>\u00a0<\/strong>Visa na satisfa\u00e7\u00e3o dos clientes parceiros e colaboradores atrav\u00e9s de melhoria cont\u00ednua, relacionamento pr\u00f3ximo, confian\u00e7a e transparecia mutua. Podemos contribuir de forma positiva, com servi\u00e7os realizados de acordo com as normas de qualidade que prezamos dentro da nossa organiza\u00e7\u00e3o, buscamos estabelecer uma rela\u00e7\u00e3o transparente com os nossos clientes, oferecendo suporte atrav\u00e9s do atendimento diferenciado, com atendimento em hor\u00e1rio comercial de segunda a s\u00e1bado e em casos excepcionais aos domingos-<\/p>\t\t\t\t\t\t\t\t<\/div>\n\t\t\t\t<\/div>\n\t\t\t\t<div class=\"elementor-element elementor-element-96924e3 elementor-widget elementor-widget-button\" data-id=\"96924e3\" data-element_type=\"widget\" data-settings=\"{&quot;ekit_we_effect_on&quot;:&quot;none&quot;}\" data-widget_type=\"button.default\">\n\t\t\t\t<div class=\"elementor-widget-container\">\n\t\t\t\t\t\t\t\t\t<div class=\"elementor-button-wrapper\">\n\t\t\t\t\t<a class=\"elementor-button elementor-button-link elementor-size-lg\" href=\"https:\/\/grupotorrescenter.ao\/index.php\/contactos\/\">\n\t\t\t\t\t\t<span class=\"elementor-button-content-wrapper\">\n\t\t\t\t\t\t<span class=\"elementor-button-icon\">\n\t\t\t\t<i aria-hidden=\"true\" class=\"fas fa-long-arrow-alt-right\"><\/i>\t\t\t<\/span>\n\t\t\t\t\t\t\t\t\t<span class=\"elementor-button-text\">Contacte-Nos<\/span>\n\t\t\t\t\t<\/span>\n\t\t\t\t\t<\/a>\n\t\t\t\t<\/div>\n\t\t\t\t\t\t\t\t<\/div>\n\t\t\t\t<\/div>\n\t\t\t\t\t<\/div>\n\t\t<\/div>\n\t\t\t\t<div class=\"elementor-column elementor-col-50 elementor-top-column elementor-element elementor-element-3461b32\" data-id=\"3461b32\" data-element_type=\"column\">\n\t\t\t<div class=\"elementor-widget-wrap elementor-element-populated\">\n\t\t\t\t\t\t<div class=\"elementor-element elementor-element-9578de6 elementor-widget elementor-widget-image\" data-id=\"9578de6\" data-element_type=\"widget\" data-settings=\"{&quot;ekit_we_effect_on&quot;:&quot;none&quot;}\" data-widget_type=\"image.default\">\n\t\t\t\t<div class=\"elementor-widget-container\">\n\t\t\t\t\t\t\t\t\t\t\t\t\t\t\t<img fetchpriority=\"high\" decoding=\"async\" width=\"681\" height=\"368\" src=\"https:\/\/grupotorrescenter.ao\/wp-content\/uploads\/2021\/09\/Logo3.jpg\" class=\"attachment-large size-large wp-image-1386\" alt=\"\" srcset=\"https:\/\/grupotorrescenter.ao\/wp-content\/uploads\/2021\/09\/Logo3.jpg 681w, https:\/\/grupotorrescenter.ao\/wp-content\/uploads\/2021\/09\/Logo3-300x162.jpg 300w\" sizes=\"(max-width: 681px) 100vw, 681px\" \/>\t\t\t\t\t\t\t\t\t\t\t\t\t\t\t<\/div>\n\t\t\t\t<\/div>\n\t\t\t\t\t<\/div>\n\t\t<\/div>\n\t\t\t\t\t<\/div>\n\t\t<\/section>\n\t\t\t\t<\/div>\n\t\t","protected":false},"excerpt":{"rendered":"<p>EDGAR FRAN &#8211; SERVI\u00c7OS DE LIMPEZA, DESIFESTA\u00c7\u00c3O &#038; JARDINAGEM SOBRE N\u00d3S Edgar Fran, Presta\u00e7\u00e3o de servi\u00e7os de Limpeza, Desifesta\u00e7\u00e3o &amp; Jardinagem: \u00c9\u00a0uma Empresa, criada para dar cobertura ao Mercado Nacional na \u00e1rea de Limpeza, Desifesta\u00e7\u00e3o &amp; Jardinagem, focalizada para trabalhar com pequenas, medias e grandes Empresas estatais e privadas, o [&hellip;]<\/p>\n","protected":false},"author":1,"featured_media":0,"parent":0,"menu_order":0,"comment_status":"closed","ping_status":"closed","template":"","meta":{"footnotes":""},"class_list":["post-1474","page","type-page","status-publish","hentry"],"_links":{"self":[{"href":"https:\/\/grupotorrescenter.ao\/index.php\/wp-json\/wp\/v2\/pages\/1474","targetHints":{"allow":["GET"]}}],"collection":[{"href":"https:\/\/grupotorrescenter.ao\/index.php\/wp-json\/wp\/v2\/pages"}],"about":[{"href":"https:\/\/grupotorrescenter.ao\/index.php\/wp-json\/wp\/v2\/types\/page"}],"author":[{"embeddable":true,"href":"https:\/\/grupotorrescenter.ao\/index.php\/wp-json\/wp\/v2\/users\/1"}],"replies":[{"embeddable":true,"href":"https:\/\/grupotorrescenter.ao\/index.php\/wp-json\/wp\/v2\/comments?post=1474"}],"version-history":[{"count":43,"href":"https:\/\/grupotorrescenter.ao\/index.php\/wp-json\/wp\/v2\/pages\/1474\/revisions"}],"predecessor-version":[{"id":2090,"href":"https:\/\/grupotorrescenter.ao\/index.php\/wp-json\/wp\/v2\/pages\/1474\/revisions\/2090"}],"wp:attachment":[{"href":"https:\/\/grupotorrescenter.ao\/index.php\/wp-json\/wp\/v2\/media?parent=1474"}],"curies":[{"name":"wp","href":"https:\/\/api.w.org\/{rel}","templated":true}]}}